{"id":849,"date":"2020-02-28T13:40:57","date_gmt":"2020-02-28T18:40:57","guid":{"rendered":"https:\/\/www.gestionmahd.com\/?page_id=849"},"modified":"2020-04-24T16:17:46","modified_gmt":"2020-04-24T21:17:46","slug":"la-location-dun-condo","status":"publish","type":"page","link":"https:\/\/www.gestionmahd.com\/en\/faq\/la-location-dun-condo\/","title":{"rendered":"La Location d&#8217;un condo"},"content":{"rendered":"\n<div class=\"wp-block-columns is-layout-flex wp-container-core-columns-is-layout-9d6595d7 wp-block-columns-is-layout-flex\">\n<div class=\"wp-block-column is-layout-flow wp-block-column-is-layout-flow\">\n<figure class=\"wp-block-image size-large\"><img loading=\"lazy\" decoding=\"async\" width=\"225\" height=\"225\" src=\"https:\/\/www.gestionmahd.com\/wp-content\/uploads\/2020\/04\/location-condo.png\" alt=\"\" class=\"wp-image-990 img-responsive\" srcset=\"https:\/\/www.gestionmahd.com\/wp-content\/uploads\/2020\/04\/location-condo.png 225w, https:\/\/www.gestionmahd.com\/wp-content\/uploads\/2020\/04\/location-condo-150x150.png 150w\" sizes=\"auto, (max-width: 225px) 100vw, 225px\" \/><\/figure>\n<\/div>\n\n\n\n<div class=\"wp-block-column is-layout-flow wp-block-column-is-layout-flow\">\n<p>En \u00e9tant copropri\u00e9taire d\u2019une partie privative dans un immeuble, vous avez le droit de jouir de cet espace. Vous avez le choix d\u2019en faire votre r\u00e9sidence principale, l\u2019utiliser comme r\u00e9sidence secondaire et m\u00eame d\u2019en faire la location. Si ce droit est fondamental, il vient \u00e9galement avec certaines obligations et responsabilit\u00e9s. \u00a0\u00a0\u00a0<\/p>\n<\/div>\n<\/div>\n\n\n\n<div  class=\"ewd-ufaq-faq-list ewd-ufaq-page-type-load_more ewd-ufaq-category-tabs-\" id='ewd-ufaq-faq-list'>\n\n\t<input type='hidden' name='show_on_load' value='' id='ewd-ufaq-show-on-load' \/>\n<input type='hidden' name='include_category' value='location' id='ewd-ufaq-include-category' \/>\n<input type='hidden' name='exclude_category' value='' id='ewd-ufaq-exclude-category' \/>\n<input type='hidden' name='orderby' value='title' id='ewd-ufaq-orderby' \/>\n<input type='hidden' name='order' value='asc' id='ewd-ufaq-order' \/>\n<input type='hidden' name='post_count' value='-1' id='ewd-ufaq-post-count' \/>\n<input type='hidden' name='current_url' value='\/en\/wp-json\/wp\/v2\/pages\/849' id='ewd-ufaq-current-url' \/>\n\t\n\t\n\t<div class='ewd-ufaq-faqs'>\n\n\t\t<div  class=\"ewd-ufaq-faq-div ewd-ufaq-faq-column-count-one ewd-ufaq-faq-responsive-columns- ewd-ufaq-faq-display-style-default ewd-ufaq-can-be-toggled\" id='ewd-ufaq-post-989-x0ez03IJ4r' data-post_id='989'>\n\n\t\t\n\t<div class='ewd-ufaq-faq-title ewd-ufaq-faq-toggle'>\n\t\n\t<a class='ewd-ufaq-post-margin'  href='#' role=\"button\">\n\n\t\t<div class='ewd-ufaq-post-margin-symbol ewd-ufaq-square'>\n\t\t\t<span >a<\/span>\n\t\t<\/div>\n\n\t\t<div class='ewd-ufaq-faq-title-text'>\n\n\t\t\t<h4>\n\t\t\t\tAi-je le droit de faire de la location \u00e0 court terme de type Airbnb dans mon condo\u2009?\t\t\t<\/h4>\n\n\t\t<\/div>\n\n\t\t<div class='ewd-ufaq-clear'><\/div>\n\n\t<\/a>\n\t\n<\/div>\n\t\n\t<div class='ewd-ufaq-faq-body ewd-ufaq-hidden' >\n\n\t\t\n\t\t\t\n\t\t\n\t\t\t<div class='ewd-ufaq-post-margin ewd-ufaq-faq-post'>\n\t\n<div class=\"wp-block-columns is-layout-flex wp-container-core-columns-is-layout-9d6595d7 wp-block-columns-is-layout-flex\">\n<div class=\"wp-block-column is-layout-flow wp-block-column-is-layout-flow\">\n<figure class=\"wp-block-image size-large\"><img decoding=\"async\" loading=\"lazy\" width=\"960\" height=\"543\" src=\"https:\/\/www.gestionmahd.com\/wp-content\/uploads\/2019\/11\/airbnb-3399753_960_720.jpg\" alt=\"\" class=\"wp-image-646 img-responsive\" srcset=\"https:\/\/www.gestionmahd.com\/wp-content\/uploads\/2019\/11\/airbnb-3399753_960_720.jpg 960w, https:\/\/www.gestionmahd.com\/wp-content\/uploads\/2019\/11\/airbnb-3399753_960_720-300x170.jpg 300w, https:\/\/www.gestionmahd.com\/wp-content\/uploads\/2019\/11\/airbnb-3399753_960_720-768x434.jpg 768w, https:\/\/www.gestionmahd.com\/wp-content\/uploads\/2019\/11\/airbnb-3399753_960_720-750x424.jpg 750w\" sizes=\"auto, (max-width: 960px) 100vw, 960px\" \/><\/figure>\n<\/div>\n\n\n\n<div class=\"wp-block-column is-layout-flow wp-block-column-is-layout-flow\">\n<p>Avec l\u2019arriv\u00e9e de sites comme Airbnb, il peut \u00eatre tentant d\u2019afficher son condo sur ce genre de site afin de profiter de revenus de location et ainsi rentabiliser son condo. Si cette activit\u00e9 peut s\u2019av\u00e9rer fort lucrative, il faut cependant prendre certaines pr\u00e9cautions avant de se lancer dans l\u2019aventure.<\/p>\n<\/div>\n<\/div>\n\n\n\n<p>Avant d\u2019afficher votre condo, vous devez commencer par consulter votre d\u00e9claration de copropri\u00e9t\u00e9. Il se pourrait que la d\u00e9claration de copropri\u00e9t\u00e9 interdise la location \u00e0 court terme par exemple en sp\u00e9cifiant une dur\u00e9e minimale de location (ex&nbsp;1, 3, 6 ou 12 mois).<\/p>\n\n\n\n<p>De plus, vous devez savoir le copropri\u00e9taire qui loue ou&nbsp;pr\u00eate gratuitement&nbsp;sa partie privative (son condo)&nbsp;doit, dans les 15 jours, en aviser le&nbsp;syndicat.<\/p>\n\n\n\n<p>Ensuite, vous aurez besoin d\u2019une attestation de classification de Tourisme Qu\u00e9bec. Pour l\u2019obtenir, vous devez faire une demande aupr\u00e8s de la <a href=\"https:\/\/citq.qc.ca\/fr\/index.php\">CITQ<\/a>.<\/p>\n\n\n\n<p>Finalement, vous devrez vous assurer d\u2019informer votre assureur de vos activit\u00e9s, car en cas d\u2019omission de votre part, vous courez un risque que votre assureur ne vous couvre pas advenant un sinistre. Votre syndicat devra \u00e9galement en \u00eatre inform\u00e9 afin qu\u2019il avise son assureur. &nbsp;<\/p>\n<\/div>\n\t\t\n\t\t\t<div class='ewd-ufaq-faq-custom-fields'>\n\n\t\n<\/div>\n\t\t\n\t\t\t<div class='ewd-ufaq-faq-categories'>\n\t\n\tCategory:\n\t\n\t\t<a href=\"https:\/\/www.gestionmahd.com\/en\/blog\/ufaqs\/un-locataire-doit-il-respecter-le-reglement-de-la-copropriete\/?include_category=location\">Location<\/a>\n\t\n<\/div>\n\t\t\n\t\t\t<div class='ewd-ufaq-faq-tags'>\n\t\n\tTags:\t\n\t\n\t\t<a href=\"https:\/\/www.gestionmahd.com\/en\/blog\/ufaqs\/un-locataire-doit-il-respecter-le-reglement-de-la-copropriete\/?include_tag=airbnb\">airbnb<\/a>, \n\t\n\t\t<a href=\"https:\/\/www.gestionmahd.com\/en\/blog\/ufaqs\/un-locataire-doit-il-respecter-le-reglement-de-la-copropriete\/?include_tag=court-terme\">court terme<\/a>, \n\t\n\t\t<a href=\"https:\/\/www.gestionmahd.com\/en\/blog\/ufaqs\/un-locataire-doit-il-respecter-le-reglement-de-la-copropriete\/?include_tag=location\">location<\/a>\n\t\n<\/div>\n\t\t\n\t\t\t\n\t\t\n\t\t\t\n\t\t\n\t\t\t<div class='ewd-ufaq-permalink'>\n\t\n\t<a href='https:\/\/www.gestionmahd.com\/en\/blog\/ufaqs\/un-locataire-doit-il-respecter-le-reglement-de-la-copropriete\/?Display_FAQ=989'>\n\t\t\n\t\tPermalink\t\t <div class='ewd-ufaq-permalink-image'><\/div> \t\n\t<\/a>\n\n<\/div>\n\t\t\n\t\t\t\n\t\t\n\t\t\t\n\t\t\n\t<\/div>\n\n<\/div><div  class=\"ewd-ufaq-faq-div ewd-ufaq-faq-column-count-one ewd-ufaq-faq-responsive-columns- ewd-ufaq-faq-display-style-default ewd-ufaq-can-be-toggled\" id='ewd-ufaq-post-846-kgRutzTUrc' data-post_id='846'>\n\n\t\t\n\t<div class='ewd-ufaq-faq-title ewd-ufaq-faq-toggle'>\n\t\n\t<a class='ewd-ufaq-post-margin'  href='#' role=\"button\">\n\n\t\t<div class='ewd-ufaq-post-margin-symbol ewd-ufaq-square'>\n\t\t\t<span >a<\/span>\n\t\t<\/div>\n\n\t\t<div class='ewd-ufaq-faq-title-text'>\n\n\t\t\t<h4>\n\t\t\t\tDois-je aviser mon syndicat si je loue mon condo?\t\t\t<\/h4>\n\n\t\t<\/div>\n\n\t\t<div class='ewd-ufaq-clear'><\/div>\n\n\t<\/a>\n\t\n<\/div>\n\t\n\t<div class='ewd-ufaq-faq-body ewd-ufaq-hidden' >\n\n\t\t\n\t\t\t\n\t\t\n\t\t\t<div class='ewd-ufaq-post-margin ewd-ufaq-faq-post'>\n\t\n<p>Oui, l&#8217;article 1065 du Code Civil du Qu\u00e9bec vous oblige \u00e0 transmettre \u00e0 votre syndicat le nom de votre locataire, les coordonn\u00e9es pour le rejoindre et la dur\u00e9e du bail.<\/p>\n\n\n\n<p>Le syndicat doit consigner ces informations dans le registre du syndicat (article 1070 C.c.Q.).<\/p>\n<\/div>\n\t\t\n\t\t\t<div class='ewd-ufaq-faq-custom-fields'>\n\n\t\n<\/div>\n\t\t\n\t\t\t<div class='ewd-ufaq-faq-categories'>\n\t\n\tCategory:\n\t\n\t\t<a href=\"https:\/\/www.gestionmahd.com\/en\/blog\/ufaqs\/un-locataire-doit-il-respecter-le-reglement-de-la-copropriete\/?include_category=location\">Location<\/a>\n\t\n<\/div>\n\t\t\n\t\t\t\n\t\t\n\t\t\t\n\t\t\n\t\t\t\n\t\t\n\t\t\t<div class='ewd-ufaq-permalink'>\n\t\n\t<a href='https:\/\/www.gestionmahd.com\/en\/blog\/ufaqs\/un-locataire-doit-il-respecter-le-reglement-de-la-copropriete\/?Display_FAQ=846'>\n\t\t\n\t\tPermalink\t\t <div class='ewd-ufaq-permalink-image'><\/div> \t\n\t<\/a>\n\n<\/div>\n\t\t\n\t\t\t\n\t\t\n\t\t\t\n\t\t\n\t<\/div>\n\n<\/div><div  class=\"ewd-ufaq-faq-div ewd-ufaq-faq-column-count-one ewd-ufaq-faq-responsive-columns- ewd-ufaq-faq-display-style-default ewd-ufaq-can-be-toggled\" id='ewd-ufaq-post-943-cOkYTbPBRr' data-post_id='943'>\n\n\t\t\n\t<div class='ewd-ufaq-faq-title ewd-ufaq-faq-toggle'>\n\t\n\t<a class='ewd-ufaq-post-margin'  href='#' role=\"button\">\n\n\t\t<div class='ewd-ufaq-post-margin-symbol ewd-ufaq-square'>\n\t\t\t<span >a<\/span>\n\t\t<\/div>\n\n\t\t<div class='ewd-ufaq-faq-title-text'>\n\n\t\t\t<h4>\n\t\t\t\tFaut-il que j&#8217;assure mon condo?\t\t\t<\/h4>\n\n\t\t<\/div>\n\n\t\t<div class='ewd-ufaq-clear'><\/div>\n\n\t<\/a>\n\t\n<\/div>\n\t\n\t<div class='ewd-ufaq-faq-body ewd-ufaq-hidden' >\n\n\t\t\n\t\t\t\n\t\t\n\t\t\t<div class='ewd-ufaq-post-margin ewd-ufaq-faq-post'>\n\t\n<p>Oui, bien que votre syndicat assure l&#8217;immeuble dans lequel se trouve votre condo, son assurance ne couvre pas tout. Par exemple, vos biens meubles (divan, table, v\u00eatements \u2026) ne sont pas assur\u00e9s par votre syndicat. C&#8217;est \u00e9galement le cas pour les am\u00e9liorations locatives que vous avez ajout\u00e9s dans votre condo.<\/p>\n\n\n\n<p>De plus, votre responsabilit\u00e9 civile n&#8217;est pas couverte par votre syndicat. Il est donc imp\u00e9ratif de vous prot\u00e9ger advenant qu&#8217;un sinistre \u00e9mane de votre unit\u00e9.<\/p>\n\n\n\n<p>Si vous louez votre condo, vous et votre locataire devrez souscrire a une assurance. Votre locataire n&#8217;aura besoin que d&#8217;une assurance responsabilit\u00e9 et d&#8217;une assurance pour ses biens meubles. <\/p>\n\n\n\n<p>Votre assurance couvrira alors votre responsabilit\u00e9 civile et les am\u00e9liorations locatives que vous avez apport\u00e9s \u00e0 votre unit\u00e9.<\/p>\n<\/div>\n\t\t\n\t\t\t<div class='ewd-ufaq-faq-custom-fields'>\n\n\t\n<\/div>\n\t\t\n\t\t\t<div class='ewd-ufaq-faq-categories'>\n\t\n\tCategories:\n\t\n\t\t<a href=\"https:\/\/www.gestionmahd.com\/en\/blog\/ufaqs\/un-locataire-doit-il-respecter-le-reglement-de-la-copropriete\/?include_category=assurance\">Assurance<\/a>\n\t\n\t\t<a href=\"https:\/\/www.gestionmahd.com\/en\/blog\/ufaqs\/un-locataire-doit-il-respecter-le-reglement-de-la-copropriete\/?include_category=location\">Location<\/a>\n\t\n<\/div>\n\t\t\n\t\t\t\n\t\t\n\t\t\t\n\t\t\n\t\t\t\n\t\t\n\t\t\t<div class='ewd-ufaq-permalink'>\n\t\n\t<a href='https:\/\/www.gestionmahd.com\/en\/blog\/ufaqs\/un-locataire-doit-il-respecter-le-reglement-de-la-copropriete\/?Display_FAQ=943'>\n\t\t\n\t\tPermalink\t\t <div class='ewd-ufaq-permalink-image'><\/div> \t\n\t<\/a>\n\n<\/div>\n\t\t\n\t\t\t\n\t\t\n\t\t\t\n\t\t\n\t<\/div>\n\n<\/div><div  class=\"ewd-ufaq-faq-div ewd-ufaq-faq-column-count-one ewd-ufaq-faq-responsive-columns- ewd-ufaq-faq-display-style-default ewd-ufaq-can-be-toggled\" id='ewd-ufaq-post-844-LqfqM5cUgT' data-post_id='844'>\n\n\t\t\n\t<div class='ewd-ufaq-faq-title ewd-ufaq-faq-toggle'>\n\t\n\t<a class='ewd-ufaq-post-margin'  href='#' role=\"button\">\n\n\t\t<div class='ewd-ufaq-post-margin-symbol ewd-ufaq-square'>\n\t\t\t<span >a<\/span>\n\t\t<\/div>\n\n\t\t<div class='ewd-ufaq-faq-title-text'>\n\n\t\t\t<h4>\n\t\t\t\tQui est responsable des charges communes si je loue mon condo?\t\t\t<\/h4>\n\n\t\t<\/div>\n\n\t\t<div class='ewd-ufaq-clear'><\/div>\n\n\t<\/a>\n\t\n<\/div>\n\t\n\t<div class='ewd-ufaq-faq-body ewd-ufaq-hidden' >\n\n\t\t\n\t\t\t\n\t\t\n\t\t\t<div class='ewd-ufaq-post-margin ewd-ufaq-faq-post'>\n\t\n<p>M\u00eame lorsque lou\u00e9, le copropri\u00e9taire demeure responsable de payer les charges communes de son unit\u00e9 m\u00eame s&#8217;il stipule dans son bail que le locataire doit assumer ces frais. <\/p>\n<\/div>\n\t\t\n\t\t\t<div class='ewd-ufaq-faq-custom-fields'>\n\n\t\n<\/div>\n\t\t\n\t\t\t<div class='ewd-ufaq-faq-categories'>\n\t\n\tCategory:\n\t\n\t\t<a href=\"https:\/\/www.gestionmahd.com\/en\/blog\/ufaqs\/un-locataire-doit-il-respecter-le-reglement-de-la-copropriete\/?include_category=location\">Location<\/a>\n\t\n<\/div>\n\t\t\n\t\t\t\n\t\t\n\t\t\t\n\t\t\n\t\t\t\n\t\t\n\t\t\t<div class='ewd-ufaq-permalink'>\n\t\n\t<a href='https:\/\/www.gestionmahd.com\/en\/blog\/ufaqs\/un-locataire-doit-il-respecter-le-reglement-de-la-copropriete\/?Display_FAQ=844'>\n\t\t\n\t\tPermalink\t\t <div class='ewd-ufaq-permalink-image'><\/div> \t\n\t<\/a>\n\n<\/div>\n\t\t\n\t\t\t\n\t\t\n\t\t\t\n\t\t\n\t<\/div>\n\n<\/div><div  class=\"ewd-ufaq-faq-div ewd-ufaq-faq-column-count-one ewd-ufaq-faq-responsive-columns- ewd-ufaq-faq-display-style-default ewd-ufaq-can-be-toggled\" id='ewd-ufaq-post-843-RZwisOFPyM' data-post_id='843'>\n\n\t\t\n\t<div class='ewd-ufaq-faq-title ewd-ufaq-faq-toggle'>\n\t\n\t<a class='ewd-ufaq-post-margin'  href='#' role=\"button\">\n\n\t\t<div class='ewd-ufaq-post-margin-symbol ewd-ufaq-square'>\n\t\t\t<span >a<\/span>\n\t\t<\/div>\n\n\t\t<div class='ewd-ufaq-faq-title-text'>\n\n\t\t\t<h4>\n\t\t\t\tQui peut exercer le droit de vote si je loue mon condo?\t\t\t<\/h4>\n\n\t\t<\/div>\n\n\t\t<div class='ewd-ufaq-clear'><\/div>\n\n\t<\/a>\n\t\n<\/div>\n\t\n\t<div class='ewd-ufaq-faq-body ewd-ufaq-hidden' >\n\n\t\t\n\t\t\t\n\t\t\n\t\t\t<div class='ewd-ufaq-post-margin ewd-ufaq-faq-post'>\n\t\n<p>M\u00eame lorsque lou\u00e9, c&#8217;est le copropri\u00e9taire qui conserve son droit d&#8217;assister \u00e0 l&#8217;assembl\u00e9e g\u00e9n\u00e9rale. C&#8217;est \u00e9galement \u00e0 ce dernier que revient le droit de voter. <\/p>\n\n\n\n<p>Un copropri\u00e9taire a cependant le droit de d\u00e9l\u00e9guer ce pouvoir \u00e0 son locataire en signant une procuration. Le droit de vote sera alors transf\u00e9r\u00e9 au locataire pour la dur\u00e9e de la procuration.<\/p>\n<\/div>\n\t\t\n\t\t\t<div class='ewd-ufaq-faq-custom-fields'>\n\n\t\n<\/div>\n\t\t\n\t\t\t<div class='ewd-ufaq-faq-categories'>\n\t\n\tCategories:\n\t\n\t\t<a href=\"https:\/\/www.gestionmahd.com\/en\/blog\/ufaqs\/un-locataire-doit-il-respecter-le-reglement-de-la-copropriete\/?include_category=assemblee-generale\">Assembl\u00e9e g\u00e9n\u00e9rale<\/a>\n\t\n\t\t<a href=\"https:\/\/www.gestionmahd.com\/en\/blog\/ufaqs\/un-locataire-doit-il-respecter-le-reglement-de-la-copropriete\/?include_category=location\">Location<\/a>\n\t\n<\/div>\n\t\t\n\t\t\t\n\t\t\n\t\t\t\n\t\t\n\t\t\t\n\t\t\n\t\t\t<div class='ewd-ufaq-permalink'>\n\t\n\t<a href='https:\/\/www.gestionmahd.com\/en\/blog\/ufaqs\/un-locataire-doit-il-respecter-le-reglement-de-la-copropriete\/?Display_FAQ=843'>\n\t\t\n\t\tPermalink\t\t <div class='ewd-ufaq-permalink-image'><\/div> \t\n\t<\/a>\n\n<\/div>\n\t\t\n\t\t\t\n\t\t\n\t\t\t\n\t\t\n\t<\/div>\n\n<\/div><div  class=\"ewd-ufaq-faq-div ewd-ufaq-faq-column-count-one ewd-ufaq-faq-responsive-columns- ewd-ufaq-faq-display-style-default ewd-ufaq-can-be-toggled\" id='ewd-ufaq-post-841-Wu1oZ7FywV' data-post_id='841'>\n\n\t\t\n\t<div class='ewd-ufaq-faq-title ewd-ufaq-faq-toggle'>\n\t\n\t<a class='ewd-ufaq-post-margin'  href='#' role=\"button\">\n\n\t\t<div class='ewd-ufaq-post-margin-symbol ewd-ufaq-square'>\n\t\t\t<span >a<\/span>\n\t\t<\/div>\n\n\t\t<div class='ewd-ufaq-faq-title-text'>\n\n\t\t\t<h4>\n\t\t\t\tUn copropri\u00e9taire a-t-il le droit de louer son condo?\t\t\t<\/h4>\n\n\t\t<\/div>\n\n\t\t<div class='ewd-ufaq-clear'><\/div>\n\n\t<\/a>\n\t\n<\/div>\n\t\n\t<div class='ewd-ufaq-faq-body ewd-ufaq-hidden' >\n\n\t\t\n\t\t\t\n\t\t\n\t\t\t<div class='ewd-ufaq-post-margin ewd-ufaq-faq-post'>\n\t\n<p>Sauf dans le cas ou la destination de l&#8217;immeuble ne soit pas respect\u00e9e, un copropri\u00e9taire a le droit de louer son condo.<\/p>\n\n\n\n<p>Il faut cependant tenir compte que les tribunaux ont reconnus le droit d&#8217;encadrement des syndicats. Ainsi, une d\u00e9claration de copropri\u00e9t\u00e9 peut \u00e9tablir des r\u00e8gles portant sur la location de votre condo. En autre choses, il peut \u00eatre d\u00e9cid\u00e9 d&#8217;interdire la location \u00e0 court terme.<\/p>\n\n\n\n<p>De plus, il n&#8217;est pas rare de constater qu&#8217;une d\u00e9claration de copropri\u00e9t\u00e9 interdire la transformation d&#8217;un condo en maison de chambres.<\/p>\n<\/div>\n\t\t\n\t\t\t<div class='ewd-ufaq-faq-custom-fields'>\n\n\t\n<\/div>\n\t\t\n\t\t\t<div class='ewd-ufaq-faq-categories'>\n\t\n\tCategory:\n\t\n\t\t<a href=\"https:\/\/www.gestionmahd.com\/en\/blog\/ufaqs\/un-locataire-doit-il-respecter-le-reglement-de-la-copropriete\/?include_category=location\">Location<\/a>\n\t\n<\/div>\n\t\t\n\t\t\t\n\t\t\n\t\t\t\n\t\t\n\t\t\t\n\t\t\n\t\t\t<div class='ewd-ufaq-permalink'>\n\t\n\t<a href='https:\/\/www.gestionmahd.com\/en\/blog\/ufaqs\/un-locataire-doit-il-respecter-le-reglement-de-la-copropriete\/?Display_FAQ=841'>\n\t\t\n\t\tPermalink\t\t <div class='ewd-ufaq-permalink-image'><\/div> \t\n\t<\/a>\n\n<\/div>\n\t\t\n\t\t\t\n\t\t\n\t\t\t\n\t\t\n\t<\/div>\n\n<\/div><div  class=\"ewd-ufaq-faq-div ewd-ufaq-faq-column-count-one ewd-ufaq-faq-responsive-columns- ewd-ufaq-faq-display-style-default ewd-ufaq-can-be-toggled\" id='ewd-ufaq-post-845-fuAGWvRjFr' data-post_id='845'>\n\n\t\t\n\t<div class='ewd-ufaq-faq-title ewd-ufaq-faq-toggle'>\n\t\n\t<a class='ewd-ufaq-post-margin'  href='#' role=\"button\">\n\n\t\t<div class='ewd-ufaq-post-margin-symbol ewd-ufaq-square'>\n\t\t\t<span >a<\/span>\n\t\t<\/div>\n\n\t\t<div class='ewd-ufaq-faq-title-text'>\n\n\t\t\t<h4>\n\t\t\t\tUn locataire doit-il respecter le r\u00e8glement de la copropri\u00e9t\u00e9?\t\t\t<\/h4>\n\n\t\t<\/div>\n\n\t\t<div class='ewd-ufaq-clear'><\/div>\n\n\t<\/a>\n\t\n<\/div>\n\t\n\t<div class='ewd-ufaq-faq-body ewd-ufaq-hidden' >\n\n\t\t\n\t\t\t\n\t\t\n\t\t\t<div class='ewd-ufaq-post-margin ewd-ufaq-faq-post'>\n\t\n<p>Oui, en vertu de l&#8217;article 1057 du Code civil du Qu\u00e9bec, &#8220;le r\u00e8glement de l&#8217;immeuble est opposable au locataire&#8221;. D&#8217;ailleur, une celui qui loue son condo, doit remettre une copie du r\u00e8glement \u00e0 son locataire.<\/p>\n<\/div>\n\t\t\n\t\t\t<div class='ewd-ufaq-faq-custom-fields'>\n\n\t\n<\/div>\n\t\t\n\t\t\t<div class='ewd-ufaq-faq-categories'>\n\t\n\tCategory:\n\t\n\t\t<a href=\"https:\/\/www.gestionmahd.com\/en\/blog\/ufaqs\/un-locataire-doit-il-respecter-le-reglement-de-la-copropriete\/?include_category=location\">Location<\/a>\n\t\n<\/div>\n\t\t\n\t\t\t\n\t\t\n\t\t\t\n\t\t\n\t\t\t\n\t\t\n\t\t\t<div class='ewd-ufaq-permalink'>\n\t\n\t<a href='https:\/\/www.gestionmahd.com\/en\/blog\/ufaqs\/un-locataire-doit-il-respecter-le-reglement-de-la-copropriete\/?Display_FAQ=845'>\n\t\t\n\t\tPermalink\t\t <div class='ewd-ufaq-permalink-image'><\/div> \t\n\t<\/a>\n\n<\/div>\n\t\t\n\t\t\t\n\t\t\n\t\t\t\n\t\t\n\t<\/div>\n\n<\/div>\n\t<\/div>\n\n\t\n<\/div>\n","protected":false},"excerpt":{"rendered":"<p>A Un locataire doit-il respecter le r\u00e8glement de la copropri\u00e9t\u00e9? Oui, en vertu de l&#8217;article 1057 du Code civil du Qu\u00e9bec, &#8220;le r\u00e8glement de l&#8217;immeuble est opposable au locataire&#8221;. D&#8217;ailleur, une celui qui loue son condo, doit remettre une copie du r\u00e8glement \u00e0 son locataire. Category: Location Permalink<\/p>\n","protected":false},"author":4,"featured_media":0,"parent":847,"menu_order":0,"comment_status":"closed","ping_status":"closed","template":"","meta":{"_monsterinsights_skip_tracking":false,"_monsterinsights_sitenote_active":false,"_monsterinsights_sitenote_note":"","_monsterinsights_sitenote_category":0,"footnotes":""},"class_list":["post-849","page","type-page","status-publish","hentry"],"aioseo_notices":[],"_links":{"self":[{"href":"https:\/\/www.gestionmahd.com\/en\/wp-json\/wp\/v2\/pages\/849","targetHints":{"allow":["GET"]}}],"collection":[{"href":"https:\/\/www.gestionmahd.com\/en\/wp-json\/wp\/v2\/pages"}],"about":[{"href":"https:\/\/www.gestionmahd.com\/en\/wp-json\/wp\/v2\/types\/page"}],"author":[{"embeddable":true,"href":"https:\/\/www.gestionmahd.com\/en\/wp-json\/wp\/v2\/users\/4"}],"replies":[{"embeddable":true,"href":"https:\/\/www.gestionmahd.com\/en\/wp-json\/wp\/v2\/comments?post=849"}],"version-history":[{"count":3,"href":"https:\/\/www.gestionmahd.com\/en\/wp-json\/wp\/v2\/pages\/849\/revisions"}],"predecessor-version":[{"id":992,"href":"https:\/\/www.gestionmahd.com\/en\/wp-json\/wp\/v2\/pages\/849\/revisions\/992"}],"up":[{"embeddable":true,"href":"https:\/\/www.gestionmahd.com\/en\/wp-json\/wp\/v2\/pages\/847"}],"wp:attachment":[{"href":"https:\/\/www.gestionmahd.com\/en\/wp-json\/wp\/v2\/media?parent=849"}],"curies":[{"name":"wp","href":"https:\/\/api.w.org\/{rel}","templated":true}]}}