{"id":802,"date":"2020-02-24T08:57:49","date_gmt":"2020-02-24T13:57:49","guid":{"rendered":"https:\/\/www.gestionmahd.com\/?page_id=802"},"modified":"2024-11-20T10:48:44","modified_gmt":"2024-11-20T15:48:44","slug":"bottin","status":"publish","type":"page","link":"https:\/\/www.gestionmahd.com\/en\/bottin\/","title":{"rendered":"Bottin"},"content":{"rendered":"\n<div class=\"wp-block-columns is-layout-flex wp-container-core-columns-is-layout-9d6595d7 wp-block-columns-is-layout-flex\">\n<div class=\"wp-block-column is-layout-flow wp-block-column-is-layout-flow\">\n<figure class=\"wp-block-image size-large\"><img loading=\"lazy\" decoding=\"async\" width=\"225\" height=\"225\" src=\"https:\/\/www.gestionmahd.com\/wp-content\/uploads\/2020\/02\/911.jpg\" alt=\"\" class=\"wp-image-799 img-responsive\" srcset=\"https:\/\/www.gestionmahd.com\/wp-content\/uploads\/2020\/02\/911.jpg 225w, https:\/\/www.gestionmahd.com\/wp-content\/uploads\/2020\/02\/911-150x150.jpg 150w\" sizes=\"auto, (max-width: 225px) 100vw, 225px\" \/><\/figure>\n<\/div>\n\n\n\n<div class=\"wp-block-column is-layout-flow wp-block-column-is-layout-flow\">\n<p class=\"has-text-align-center\"><strong>Pour toute urgence<\/strong><\/p>\n\n\n\n<ul class=\"wp-block-list\">\n<li>Police<\/li>\n\n\n\n<li>Pompier<\/li>\n\n\n\n<li>Ambulance<\/li>\n<\/ul>\n<\/div>\n<\/div>\n\n\n\n<div class=\"wp-block-columns is-layout-flex wp-container-core-columns-is-layout-9d6595d7 wp-block-columns-is-layout-flex\">\n<div class=\"wp-block-column is-layout-flow wp-block-column-is-layout-flow\">\n<figure class=\"wp-block-image size-large\"><img loading=\"lazy\" decoding=\"async\" width=\"300\" height=\"168\" src=\"https:\/\/www.gestionmahd.com\/wp-content\/uploads\/2020\/02\/sans-titre.png\" alt=\"\" class=\"wp-image-800 img-responsive\"\/><\/figure>\n<\/div>\n\n\n\n<div class=\"wp-block-column is-layout-flow wp-block-column-is-layout-flow\">\n<p>Le 811 est le num\u00e9ro de t\u00e9l\u00e9phone unique de ce service. Composer le 811 permet de joindre rapidement une infirmi\u00e8re en cas de probl\u00e8me de sant\u00e9&nbsp;<strong>non urgent<\/strong>. Toutefois, en cas de probl\u00e8me grave ou de besoin urgent, il est important de composer le 9-1-1 ou de se rendre \u00e0 l&#8217;urgence.<\/p>\n<\/div>\n<\/div>\n\n\n\n<div class=\"wp-block-columns is-layout-flex wp-container-core-columns-is-layout-9d6595d7 wp-block-columns-is-layout-flex\">\n<div class=\"wp-block-column is-layout-flow wp-block-column-is-layout-flow\">\n<figure class=\"wp-block-image size-large\"><img loading=\"lazy\" decoding=\"async\" width=\"258\" height=\"60\" src=\"https:\/\/www.gestionmahd.com\/wp-content\/uploads\/2019\/04\/gestion_de_condo.png\" alt=\"\" class=\"wp-image-10 img-responsive\" srcset=\"https:\/\/www.gestionmahd.com\/wp-content\/uploads\/2019\/04\/gestion_de_condo.png 258w, https:\/\/www.gestionmahd.com\/wp-content\/uploads\/2019\/04\/gestion_de_condo-150x35.png 150w\" sizes=\"auto, (max-width: 258px) 100vw, 258px\" \/><\/figure>\n<\/div>\n\n\n\n<div class=\"wp-block-column is-layout-flow wp-block-column-is-layout-flow\">\n<p>855-430-9427<strong> \/ <\/strong>450-990-6395 <\/p>\n\n\n\n<p>Les appels administratifs seront trait\u00e9s du lundi au vendredi de 8h30 \u00e0 16h30 et  24h\/24 7\/7 pour les urgences.<\/p>\n<\/div>\n<\/div>\n\n\n\n<div  class=\"ewd-ufaq-faq-list ewd-ufaq-page-type-load_more ewd-ufaq-category-tabs-\" id='ewd-ufaq-faq-list'>\n\n\t<input type='hidden' name='show_on_load' value='' id='ewd-ufaq-show-on-load' \/>\n<input type='hidden' name='include_category' value='bottin-telephonique' id='ewd-ufaq-include-category' \/>\n<input type='hidden' name='exclude_category' value='' id='ewd-ufaq-exclude-category' \/>\n<input type='hidden' name='orderby' value='title' id='ewd-ufaq-orderby' \/>\n<input type='hidden' name='order' value='asc' id='ewd-ufaq-order' \/>\n<input type='hidden' name='post_count' value='-1' id='ewd-ufaq-post-count' \/>\n<input type='hidden' name='current_url' value='\/en\/wp-json\/wp\/v2\/pages\/802' id='ewd-ufaq-current-url' \/>\n\t\n\t\n\t<div class='ewd-ufaq-faqs'>\n\n\t\t<div  class=\"ewd-ufaq-faq-div ewd-ufaq-faq-column-count-one ewd-ufaq-faq-responsive-columns- ewd-ufaq-faq-display-style-default ewd-ufaq-can-be-toggled\" id='ewd-ufaq-post-818-1PuKioi8nV' data-post_id='818'>\n\n\t\t\n\t<div class='ewd-ufaq-faq-title ewd-ufaq-faq-toggle'>\n\t\n\t<a class='ewd-ufaq-post-margin'  href='#' role=\"button\">\n\n\t\t<div class='ewd-ufaq-post-margin-symbol ewd-ufaq-square'>\n\t\t\t<span >a<\/span>\n\t\t<\/div>\n\n\t\t<div class='ewd-ufaq-faq-title-text'>\n\n\t\t\t<h4>\n\t\t\t\tNettoyage apr\u00e8s sinistre\t\t\t<\/h4>\n\n\t\t<\/div>\n\n\t\t<div class='ewd-ufaq-clear'><\/div>\n\n\t<\/a>\n\t\n<\/div>\n\t\n\t<div class='ewd-ufaq-faq-body ewd-ufaq-hidden' >\n\n\t\t\n\t\t\t\n\t\t\n\t\t\t<div class='ewd-ufaq-post-margin ewd-ufaq-faq-post'>\n\t\n<p>Sinistre Laurentides (GUS) : (819) 688-5911<\/p>\n\n\n\n<p>Paul Davis : (819) 774-0403<\/p>\n\n\n\n<p>Steamatic Mont-Tremblant : 819-681-1539<\/p>\n<\/div>\n\t\t\n\t\t\t<div class='ewd-ufaq-faq-custom-fields'>\n\n\t\n<\/div>\n\t\t\n\t\t\t<div class='ewd-ufaq-faq-categories'>\n\t\n\tCategory:\n\t\n\t\t<a href=\"https:\/\/www.gestionmahd.com\/en\/blog\/ufaqs\/ville-de-mont-tremblant\/?include_category=bottin-telephonique\">Bottin t\u00e9l\u00e9phonique<\/a>\n\t\n<\/div>\n\t\t\n\t\t\t\n\t\t\n\t\t\t\n\t\t\n\t\t\t\n\t\t\n\t\t\t<div class='ewd-ufaq-permalink'>\n\t\n\t<a href='https:\/\/www.gestionmahd.com\/en\/blog\/ufaqs\/ville-de-mont-tremblant\/?Display_FAQ=818'>\n\t\t\n\t\tPermalink\t\t <div class='ewd-ufaq-permalink-image'><\/div> \t\n\t<\/a>\n\n<\/div>\n\t\t\n\t\t\t\n\t\t\n\t\t\t\n\t\t\n\t<\/div>\n\n<\/div><div  class=\"ewd-ufaq-faq-div ewd-ufaq-faq-column-count-one ewd-ufaq-faq-responsive-columns- ewd-ufaq-faq-display-style-default ewd-ufaq-can-be-toggled\" id='ewd-ufaq-post-810-amVpHcGX2Q' data-post_id='810'>\n\n\t\t\n\t<div class='ewd-ufaq-faq-title ewd-ufaq-faq-toggle'>\n\t\n\t<a class='ewd-ufaq-post-margin'  href='#' role=\"button\">\n\n\t\t<div class='ewd-ufaq-post-margin-symbol ewd-ufaq-square'>\n\t\t\t<span >a<\/span>\n\t\t<\/div>\n\n\t\t<div class='ewd-ufaq-faq-title-text'>\n\n\t\t\t<h4>\n\t\t\t\tPlombier\t\t\t<\/h4>\n\n\t\t<\/div>\n\n\t\t<div class='ewd-ufaq-clear'><\/div>\n\n\t<\/a>\n\t\n<\/div>\n\t\n\t<div class='ewd-ufaq-faq-body ewd-ufaq-hidden' >\n\n\t\t\n\t\t\t\n\t\t\n\t\t\t<div class='ewd-ufaq-post-margin ewd-ufaq-faq-post'>\n\t\n<ul class=\"wp-block-list\"><li>Plomberie Roger Labont\u00e9 : 819-425-3261<\/li><li>Plomberie Demers : 819-425-9866<\/li><li>Plomberie St-Jovite : 819-425-3755<\/li><\/ul>\n<\/div>\n\t\t\n\t\t\t<div class='ewd-ufaq-faq-custom-fields'>\n\n\t\n<\/div>\n\t\t\n\t\t\t<div class='ewd-ufaq-faq-categories'>\n\t\n\tCategory:\n\t\n\t\t<a href=\"https:\/\/www.gestionmahd.com\/en\/blog\/ufaqs\/ville-de-mont-tremblant\/?include_category=bottin-telephonique\">Bottin t\u00e9l\u00e9phonique<\/a>\n\t\n<\/div>\n\t\t\n\t\t\t\n\t\t\n\t\t\t\n\t\t\n\t\t\t\n\t\t\n\t\t\t<div class='ewd-ufaq-permalink'>\n\t\n\t<a href='https:\/\/www.gestionmahd.com\/en\/blog\/ufaqs\/ville-de-mont-tremblant\/?Display_FAQ=810'>\n\t\t\n\t\tPermalink\t\t <div class='ewd-ufaq-permalink-image'><\/div> \t\n\t<\/a>\n\n<\/div>\n\t\t\n\t\t\t\n\t\t\n\t\t\t\n\t\t\n\t<\/div>\n\n<\/div><div  class=\"ewd-ufaq-faq-div ewd-ufaq-faq-column-count-one ewd-ufaq-faq-responsive-columns- ewd-ufaq-faq-display-style-default ewd-ufaq-can-be-toggled\" id='ewd-ufaq-post-808-BgdWCP9hs4' data-post_id='808'>\n\n\t\t\n\t<div class='ewd-ufaq-faq-title ewd-ufaq-faq-toggle'>\n\t\n\t<a class='ewd-ufaq-post-margin'  href='#' role=\"button\">\n\n\t\t<div class='ewd-ufaq-post-margin-symbol ewd-ufaq-square'>\n\t\t\t<span >a<\/span>\n\t\t<\/div>\n\n\t\t<div class='ewd-ufaq-faq-title-text'>\n\n\t\t\t<h4>\n\t\t\t\tPolice\t\t\t<\/h4>\n\n\t\t<\/div>\n\n\t\t<div class='ewd-ufaq-clear'><\/div>\n\n\t<\/a>\n\t\n<\/div>\n\t\n\t<div class='ewd-ufaq-faq-body ewd-ufaq-hidden' >\n\n\t\t\n\t\t\t\n\t\t\n\t\t\t<div class='ewd-ufaq-post-margin ewd-ufaq-faq-post'>\n\t\n<figure class=\"wp-block-image size-large\"><img decoding=\"async\" loading=\"lazy\" width=\"318\" height=\"75\" src=\"https:\/\/www.gestionmahd.com\/wp-content\/uploads\/2021\/06\/sq.png\" alt=\"\" class=\"wp-image-1547 img-responsive\" srcset=\"https:\/\/www.gestionmahd.com\/wp-content\/uploads\/2021\/06\/sq.png 318w, https:\/\/www.gestionmahd.com\/wp-content\/uploads\/2021\/06\/sq-300x71.png 300w\" sizes=\"auto, (max-width: 318px) 100vw, 318px\" \/><\/figure>\n\n\n\n<p>Urgence : 9-1-1<\/p>\n\n\n\n<p>Appels non urgents ou administratifs : 310-4141 cellulaire *4141<\/p>\n<\/div>\n\t\t\n\t\t\t<div class='ewd-ufaq-faq-custom-fields'>\n\n\t\n<\/div>\n\t\t\n\t\t\t<div class='ewd-ufaq-faq-categories'>\n\t\n\tCategory:\n\t\n\t\t<a href=\"https:\/\/www.gestionmahd.com\/en\/blog\/ufaqs\/ville-de-mont-tremblant\/?include_category=bottin-telephonique\">Bottin t\u00e9l\u00e9phonique<\/a>\n\t\n<\/div>\n\t\t\n\t\t\t\n\t\t\n\t\t\t\n\t\t\n\t\t\t\n\t\t\n\t\t\t<div class='ewd-ufaq-permalink'>\n\t\n\t<a href='https:\/\/www.gestionmahd.com\/en\/blog\/ufaqs\/ville-de-mont-tremblant\/?Display_FAQ=808'>\n\t\t\n\t\tPermalink\t\t <div class='ewd-ufaq-permalink-image'><\/div> \t\n\t<\/a>\n\n<\/div>\n\t\t\n\t\t\t\n\t\t\n\t\t\t\n\t\t\n\t<\/div>\n\n<\/div><div  class=\"ewd-ufaq-faq-div ewd-ufaq-faq-column-count-one ewd-ufaq-faq-responsive-columns- ewd-ufaq-faq-display-style-default ewd-ufaq-can-be-toggled\" id='ewd-ufaq-post-809-SJ2yZTatOD' data-post_id='809'>\n\n\t\t\n\t<div class='ewd-ufaq-faq-title ewd-ufaq-faq-toggle'>\n\t\n\t<a class='ewd-ufaq-post-margin'  href='#' role=\"button\">\n\n\t\t<div class='ewd-ufaq-post-margin-symbol ewd-ufaq-square'>\n\t\t\t<span >a<\/span>\n\t\t<\/div>\n\n\t\t<div class='ewd-ufaq-faq-title-text'>\n\n\t\t\t<h4>\n\t\t\t\tPompier\t\t\t<\/h4>\n\n\t\t<\/div>\n\n\t\t<div class='ewd-ufaq-clear'><\/div>\n\n\t<\/a>\n\t\n<\/div>\n\t\n\t<div class='ewd-ufaq-faq-body ewd-ufaq-hidden' >\n\n\t\t\n\t\t\t\n\t\t\n\t\t\t<div class='ewd-ufaq-post-margin ewd-ufaq-faq-post'>\n\t\n<ul class=\"wp-block-list\"><li>Urgence: 9-1-1<\/li><li>Appels administratifs : 819425-8614 poste 2803<\/li><\/ul>\n<\/div>\n\t\t\n\t\t\t<div class='ewd-ufaq-faq-custom-fields'>\n\n\t\n<\/div>\n\t\t\n\t\t\t<div class='ewd-ufaq-faq-categories'>\n\t\n\tCategory:\n\t\n\t\t<a href=\"https:\/\/www.gestionmahd.com\/en\/blog\/ufaqs\/ville-de-mont-tremblant\/?include_category=bottin-telephonique\">Bottin t\u00e9l\u00e9phonique<\/a>\n\t\n<\/div>\n\t\t\n\t\t\t\n\t\t\n\t\t\t\n\t\t\n\t\t\t\n\t\t\n\t\t\t<div class='ewd-ufaq-permalink'>\n\t\n\t<a href='https:\/\/www.gestionmahd.com\/en\/blog\/ufaqs\/ville-de-mont-tremblant\/?Display_FAQ=809'>\n\t\t\n\t\tPermalink\t\t <div class='ewd-ufaq-permalink-image'><\/div> \t\n\t<\/a>\n\n<\/div>\n\t\t\n\t\t\t\n\t\t\n\t\t\t\n\t\t\n\t<\/div>\n\n<\/div><div  class=\"ewd-ufaq-faq-div ewd-ufaq-faq-column-count-one ewd-ufaq-faq-responsive-columns- ewd-ufaq-faq-display-style-default ewd-ufaq-can-be-toggled\" id='ewd-ufaq-post-814-hGFTqkyOAQ' data-post_id='814'>\n\n\t\t\n\t<div class='ewd-ufaq-faq-title ewd-ufaq-faq-toggle'>\n\t\n\t<a class='ewd-ufaq-post-margin'  href='#' role=\"button\">\n\n\t\t<div class='ewd-ufaq-post-margin-symbol ewd-ufaq-square'>\n\t\t\t<span >a<\/span>\n\t\t<\/div>\n\n\t\t<div class='ewd-ufaq-faq-title-text'>\n\n\t\t\t<h4>\n\t\t\t\tRemorquage\t\t\t<\/h4>\n\n\t\t<\/div>\n\n\t\t<div class='ewd-ufaq-clear'><\/div>\n\n\t<\/a>\n\t\n<\/div>\n\t\n\t<div class='ewd-ufaq-faq-body ewd-ufaq-hidden' >\n\n\t\t\n\t\t\t\n\t\t\n\t\t\t<div class='ewd-ufaq-post-margin ewd-ufaq-faq-post'>\n\t\n<p>Remorquage J. Pelletier : 819-425-5521<\/p>\n\n\n\n<p>Garage Matte : 819-425-7969<\/p>\n\n\n\n<p>Garage Ronald Boivin Inc. : 819-425-5711<\/p>\n<\/div>\n\t\t\n\t\t\t<div class='ewd-ufaq-faq-custom-fields'>\n\n\t\n<\/div>\n\t\t\n\t\t\t<div class='ewd-ufaq-faq-categories'>\n\t\n\tCategory:\n\t\n\t\t<a href=\"https:\/\/www.gestionmahd.com\/en\/blog\/ufaqs\/ville-de-mont-tremblant\/?include_category=bottin-telephonique\">Bottin t\u00e9l\u00e9phonique<\/a>\n\t\n<\/div>\n\t\t\n\t\t\t<div class='ewd-ufaq-faq-tags'>\n\t\n\tTags:\t\n\t\n\t\t<a href=\"https:\/\/www.gestionmahd.com\/en\/blog\/ufaqs\/ville-de-mont-tremblant\/?include_tag=depanneuse\">d\u00e9panneuse<\/a>, \n\t\n\t\t<a href=\"https:\/\/www.gestionmahd.com\/en\/blog\/ufaqs\/ville-de-mont-tremblant\/?include_tag=remorquage\">remorquage<\/a>\n\t\n<\/div>\n\t\t\n\t\t\t\n\t\t\n\t\t\t\n\t\t\n\t\t\t<div class='ewd-ufaq-permalink'>\n\t\n\t<a href='https:\/\/www.gestionmahd.com\/en\/blog\/ufaqs\/ville-de-mont-tremblant\/?Display_FAQ=814'>\n\t\t\n\t\tPermalink\t\t <div class='ewd-ufaq-permalink-image'><\/div> \t\n\t<\/a>\n\n<\/div>\n\t\t\n\t\t\t\n\t\t\n\t\t\t\n\t\t\n\t<\/div>\n\n<\/div><div  class=\"ewd-ufaq-faq-div ewd-ufaq-faq-column-count-one ewd-ufaq-faq-responsive-columns- ewd-ufaq-faq-display-style-default ewd-ufaq-can-be-toggled\" id='ewd-ufaq-post-811-PfYGeeusvt' data-post_id='811'>\n\n\t\t\n\t<div class='ewd-ufaq-faq-title ewd-ufaq-faq-toggle'>\n\t\n\t<a class='ewd-ufaq-post-margin'  href='#' role=\"button\">\n\n\t\t<div class='ewd-ufaq-post-margin-symbol ewd-ufaq-square'>\n\t\t\t<span >a<\/span>\n\t\t<\/div>\n\n\t\t<div class='ewd-ufaq-faq-title-text'>\n\n\t\t\t<h4>\n\t\t\t\tSerrurier\t\t\t<\/h4>\n\n\t\t<\/div>\n\n\t\t<div class='ewd-ufaq-clear'><\/div>\n\n\t<\/a>\n\t\n<\/div>\n\t\n\t<div class='ewd-ufaq-faq-body ewd-ufaq-hidden' >\n\n\t\t\n\t\t\t\n\t\t\n\t\t\t<div class='ewd-ufaq-post-margin ewd-ufaq-faq-post'>\n\t\n<p>Serrurier Magic : 819-425-4052<\/p>\n<\/div>\n\t\t\n\t\t\t<div class='ewd-ufaq-faq-custom-fields'>\n\n\t\n<\/div>\n\t\t\n\t\t\t<div class='ewd-ufaq-faq-categories'>\n\t\n\tCategory:\n\t\n\t\t<a href=\"https:\/\/www.gestionmahd.com\/en\/blog\/ufaqs\/ville-de-mont-tremblant\/?include_category=bottin-telephonique\">Bottin t\u00e9l\u00e9phonique<\/a>\n\t\n<\/div>\n\t\t\n\t\t\t\n\t\t\n\t\t\t\n\t\t\n\t\t\t\n\t\t\n\t\t\t<div class='ewd-ufaq-permalink'>\n\t\n\t<a href='https:\/\/www.gestionmahd.com\/en\/blog\/ufaqs\/ville-de-mont-tremblant\/?Display_FAQ=811'>\n\t\t\n\t\tPermalink\t\t <div class='ewd-ufaq-permalink-image'><\/div> \t\n\t<\/a>\n\n<\/div>\n\t\t\n\t\t\t\n\t\t\n\t\t\t\n\t\t\n\t<\/div>\n\n<\/div><div  class=\"ewd-ufaq-faq-div ewd-ufaq-faq-column-count-one ewd-ufaq-faq-responsive-columns- ewd-ufaq-faq-display-style-default ewd-ufaq-can-be-toggled\" id='ewd-ufaq-post-816-ygPVAVuMcl' data-post_id='816'>\n\n\t\t\n\t<div class='ewd-ufaq-faq-title ewd-ufaq-faq-toggle'>\n\t\n\t<a class='ewd-ufaq-post-margin'  href='#' role=\"button\">\n\n\t\t<div class='ewd-ufaq-post-margin-symbol ewd-ufaq-square'>\n\t\t\t<span >a<\/span>\n\t\t<\/div>\n\n\t\t<div class='ewd-ufaq-faq-title-text'>\n\n\t\t\t<h4>\n\t\t\t\tTaxi\t\t\t<\/h4>\n\n\t\t<\/div>\n\n\t\t<div class='ewd-ufaq-clear'><\/div>\n\n\t<\/a>\n\t\n<\/div>\n\t\n\t<div class='ewd-ufaq-faq-body ewd-ufaq-hidden' >\n\n\t\t\n\t\t\t\n\t\t\n\t\t\t<div class='ewd-ufaq-post-margin ewd-ufaq-faq-post'>\n\t\n<p>Taxi Express :  819-429-9119<br>           Consultez leur <a rel=\"noreferrer noopener\" href=\"http:\/\/www.taxiexpress.ca\/site\/\" target=\"_blank\">site Internet<\/a><\/p>\n\n\n\n<p>Taxi Local : 819-808-8294<\/p>\n\n\n\n<p>Taxi Mont-Tremblant :  819-425-3212<br>           Consultez leur <a rel=\"noreferrer noopener\" href=\"http:\/\/taximonttremblant.com\/\" target=\"_blank\">site Internet<\/a><\/p>\n<\/div>\n\t\t\n\t\t\t<div class='ewd-ufaq-faq-custom-fields'>\n\n\t\n<\/div>\n\t\t\n\t\t\t<div class='ewd-ufaq-faq-categories'>\n\t\n\tCategory:\n\t\n\t\t<a href=\"https:\/\/www.gestionmahd.com\/en\/blog\/ufaqs\/ville-de-mont-tremblant\/?include_category=bottin-telephonique\">Bottin t\u00e9l\u00e9phonique<\/a>\n\t\n<\/div>\n\t\t\n\t\t\t<div class='ewd-ufaq-faq-tags'>\n\t\n\tTags:\t\n\t\n\t\t<a href=\"https:\/\/www.gestionmahd.com\/en\/blog\/ufaqs\/ville-de-mont-tremblant\/?include_tag=taxi\">taxi<\/a>, \n\t\n\t\t<a href=\"https:\/\/www.gestionmahd.com\/en\/blog\/ufaqs\/ville-de-mont-tremblant\/?include_tag=transport\">transport<\/a>\n\t\n<\/div>\n\t\t\n\t\t\t\n\t\t\n\t\t\t\n\t\t\n\t\t\t<div class='ewd-ufaq-permalink'>\n\t\n\t<a href='https:\/\/www.gestionmahd.com\/en\/blog\/ufaqs\/ville-de-mont-tremblant\/?Display_FAQ=816'>\n\t\t\n\t\tPermalink\t\t <div class='ewd-ufaq-permalink-image'><\/div> \t\n\t<\/a>\n\n<\/div>\n\t\t\n\t\t\t\n\t\t\n\t\t\t\n\t\t\n\t<\/div>\n\n<\/div><div  class=\"ewd-ufaq-faq-div ewd-ufaq-faq-column-count-one ewd-ufaq-faq-responsive-columns- ewd-ufaq-faq-display-style-default ewd-ufaq-can-be-toggled\" id='ewd-ufaq-post-817-Z4XGRk9IS1' data-post_id='817'>\n\n\t\t\n\t<div class='ewd-ufaq-faq-title ewd-ufaq-faq-toggle'>\n\t\n\t<a class='ewd-ufaq-post-margin'  href='#' role=\"button\">\n\n\t\t<div class='ewd-ufaq-post-margin-symbol ewd-ufaq-square'>\n\t\t\t<span >a<\/span>\n\t\t<\/div>\n\n\t\t<div class='ewd-ufaq-faq-title-text'>\n\n\t\t\t<h4>\n\t\t\t\tTransport en commun (autobus)\t\t\t<\/h4>\n\n\t\t<\/div>\n\n\t\t<div class='ewd-ufaq-clear'><\/div>\n\n\t<\/a>\n\t\n<\/div>\n\t\n\t<div class='ewd-ufaq-faq-body ewd-ufaq-hidden' >\n\n\t\t\n\t\t\t\n\t\t\n\t\t\t<div class='ewd-ufaq-post-margin ewd-ufaq-faq-post'>\n\t\n<p>Transport en commun de Mont-Tremblant (TCMT)<\/p>\n\n\n\n<ul class=\"wp-block-list\"><li><a href=\"https:\/\/www.villedemont-tremblant.qc.ca\/fr\/citoyens\/transport\/transport-en-commun-de-mont-tremblant-tcmt\/horaire\">Horaire<\/a><\/li><li>Renseignement : 819-425-8614 poste 2609<\/li><\/ul>\n\n\n\n<p>Transport adapt\u00e9 et collectif des Laurentides (TACL)<\/p>\n\n\n\n<ul class=\"wp-block-list\"><li> <a href=\"https:\/\/www.transportlaurentides.ca\/inter\/autobus-circuits-et-horaire\/\">Horaire<\/a><\/li><li>Service \u00e0 la client\u00e8le et objets perdus : 1 877-604-3377<\/li><\/ul>\n\n\n\n<p>Autobus Galland<\/p>\n\n\n\n<ul class=\"wp-block-list\"><li><a href=\"https:\/\/www.galland-bus.com\/horaire-et-trajets\/\">Horaire<\/a><\/li><li>Renseigmement : 1 877 806-8666<\/li><\/ul>\n\n\n\n<p>Autobus Maheux (Abitibi)<\/p>\n\n\n\n<ul class=\"wp-block-list\"><li><a href=\"http:\/\/autobusmaheux.qc.ca\/?page_id=12\">Horaire<\/a><\/li><li>Renseigmement : 1 866-307-0002<\/li><\/ul>\n<\/div>\n\t\t\n\t\t\t<div class='ewd-ufaq-faq-custom-fields'>\n\n\t\n<\/div>\n\t\t\n\t\t\t<div class='ewd-ufaq-faq-categories'>\n\t\n\tCategory:\n\t\n\t\t<a href=\"https:\/\/www.gestionmahd.com\/en\/blog\/ufaqs\/ville-de-mont-tremblant\/?include_category=bottin-telephonique\">Bottin t\u00e9l\u00e9phonique<\/a>\n\t\n<\/div>\n\t\t\n\t\t\t<div class='ewd-ufaq-faq-tags'>\n\t\n\tTags:\t\n\t\n\t\t<a href=\"https:\/\/www.gestionmahd.com\/en\/blog\/ufaqs\/ville-de-mont-tremblant\/?include_tag=autobus\">autobus<\/a>, \n\t\n\t\t<a href=\"https:\/\/www.gestionmahd.com\/en\/blog\/ufaqs\/ville-de-mont-tremblant\/?include_tag=transport-en-commun\">transport en commun<\/a>\n\t\n<\/div>\n\t\t\n\t\t\t\n\t\t\n\t\t\t\n\t\t\n\t\t\t<div class='ewd-ufaq-permalink'>\n\t\n\t<a href='https:\/\/www.gestionmahd.com\/en\/blog\/ufaqs\/ville-de-mont-tremblant\/?Display_FAQ=817'>\n\t\t\n\t\tPermalink\t\t <div class='ewd-ufaq-permalink-image'><\/div> \t\n\t<\/a>\n\n<\/div>\n\t\t\n\t\t\t\n\t\t\n\t\t\t\n\t\t\n\t<\/div>\n\n<\/div><div  class=\"ewd-ufaq-faq-div ewd-ufaq-faq-column-count-one ewd-ufaq-faq-responsive-columns- ewd-ufaq-faq-display-style-default ewd-ufaq-can-be-toggled\" id='ewd-ufaq-post-797-t1ZXwLiBhW' data-post_id='797'>\n\n\t\t\n\t<div class='ewd-ufaq-faq-title ewd-ufaq-faq-toggle'>\n\t\n\t<a class='ewd-ufaq-post-margin'  href='#' role=\"button\">\n\n\t\t<div class='ewd-ufaq-post-margin-symbol ewd-ufaq-square'>\n\t\t\t<span >a<\/span>\n\t\t<\/div>\n\n\t\t<div class='ewd-ufaq-faq-title-text'>\n\n\t\t\t<h4>\n\t\t\t\tVille de Mont-Tremblant\t\t\t<\/h4>\n\n\t\t<\/div>\n\n\t\t<div class='ewd-ufaq-clear'><\/div>\n\n\t<\/a>\n\t\n<\/div>\n\t\n\t<div class='ewd-ufaq-faq-body ewd-ufaq-hidden' >\n\n\t\t\n\t\t\t\n\t\t\n\t\t\t<div class='ewd-ufaq-post-margin ewd-ufaq-faq-post'>\n\t\n<p>Num\u00e9ro g\u00e9n\u00e9ral : 819-425-8614<\/p>\n\n\n\n<p>Site web : <a href=\"https:\/\/www.villedemont-tremblant.qc.ca\">https:\/\/www.villedemont-tremblant.qc.ca<\/a><\/p>\n\n\n\n<p>Police<\/p>\n\n\n\n<ul class=\"wp-block-list\"><li>Urgence : 9-1-1<\/li><li>Appels non urgents ou administratifs : 310-4141 ou *4141<\/li><\/ul>\n\n\n\n<p>Pompiers<\/p>\n\n\n\n<ul class=\"wp-block-list\"><li>Urgence: 9-1-1<\/li><li>Appels administratifs : 819-425-8614 poste 2800<\/li><\/ul>\n\n\n\n<div class=\"wp-block-columns is-layout-flex wp-container-core-columns-is-layout-9d6595d7 wp-block-columns-is-layout-flex\">\n<div class=\"wp-block-column is-layout-flow wp-block-column-is-layout-flow\">\n<p>Culture et loisirs<\/p>\n\n\n\n<ul class=\"wp-block-list\"><li>819-425-8614 poste 2500<\/li><\/ul>\n\n\n\n<p>Contr\u00f4leur animalier (chien &amp; chats errants)<\/p>\n\n\n\n<ul class=\"wp-block-list\"><li> 819-425-0630<\/li><\/ul>\n<\/div>\n\n\n\n<div class=\"wp-block-column is-layout-flow wp-block-column-is-layout-flow\">\n<p>Travaux public<\/p>\n\n\n\n<p>du lundi au vendredi de 8h30 \u00e0 16h30<\/p>\n\n\n\n<ul class=\"wp-block-list\"><li>819-425-8614 poste 2600<\/li><\/ul>\n\n\n\n<p>Pour toute urgence en dehors des heures ou si vous n&#8217;avez pas de r\u00e9ponse, composez le 819-425-8614<\/p>\n<\/div>\n<\/div>\n<\/div>\n\t\t\n\t\t\t<div class='ewd-ufaq-faq-custom-fields'>\n\n\t\n<\/div>\n\t\t\n\t\t\t<div class='ewd-ufaq-faq-categories'>\n\t\n\tCategory:\n\t\n\t\t<a href=\"https:\/\/www.gestionmahd.com\/en\/blog\/ufaqs\/ville-de-mont-tremblant\/?include_category=bottin-telephonique\">Bottin t\u00e9l\u00e9phonique<\/a>\n\t\n<\/div>\n\t\t\n\t\t\t\n\t\t\n\t\t\t\n\t\t\n\t\t\t\n\t\t\n\t\t\t<div class='ewd-ufaq-permalink'>\n\t\n\t<a href='https:\/\/www.gestionmahd.com\/en\/blog\/ufaqs\/ville-de-mont-tremblant\/?Display_FAQ=797'>\n\t\t\n\t\tPermalink\t\t <div class='ewd-ufaq-permalink-image'><\/div> \t\n\t<\/a>\n\n<\/div>\n\t\t\n\t\t\t\n\t\t\n\t\t\t\n\t\t\n\t<\/div>\n\n<\/div>\n\t<\/div>\n\n\t\n<\/div>\n","protected":false},"excerpt":{"rendered":"<p>A Ville de Mont-Tremblant Num\u00e9ro g\u00e9n\u00e9ral : 819-425-8614 Site web : https:\/\/www.villedemont-tremblant.qc.ca Police Urgence : 9-1-1 Appels non urgents ou administratifs : 310-4141 ou *4141 Pompiers Urgence: 9-1-1 Appels administratifs : 819-425-8614 poste 2800 Culture et loisirs 819-425-8614 poste 2500 Contr\u00f4leur animalier (chien &amp; chats errants) 819-425-0630 Travaux public du lundi au vendredi de 8h30 &#8230; <a href=\"https:\/\/www.gestionmahd.com\/en\/blog\/ufaqs\/ville-de-mont-tremblant\/\" class=\"more-link text-uppercase small\"><strong>Continue Reading<\/strong> <i class=\"fa fa-angle-double-right\" aria-hidden=\"true\"><\/i><\/a><\/p>\n","protected":false},"author":1,"featured_media":0,"parent":0,"menu_order":0,"comment_status":"closed","ping_status":"closed","template":"","meta":{"_monsterinsights_skip_tracking":false,"_monsterinsights_sitenote_active":false,"_monsterinsights_sitenote_note":"","_monsterinsights_sitenote_category":0,"footnotes":""},"class_list":["post-802","page","type-page","status-publish","hentry"],"aioseo_notices":[],"_links":{"self":[{"href":"https:\/\/www.gestionmahd.com\/en\/wp-json\/wp\/v2\/pages\/802","targetHints":{"allow":["GET"]}}],"collection":[{"href":"https:\/\/www.gestionmahd.com\/en\/wp-json\/wp\/v2\/pages"}],"about":[{"href":"https:\/\/www.gestionmahd.com\/en\/wp-json\/wp\/v2\/types\/page"}],"author":[{"embeddable":true,"href":"https:\/\/www.gestionmahd.com\/en\/wp-json\/wp\/v2\/users\/1"}],"replies":[{"embeddable":true,"href":"https:\/\/www.gestionmahd.com\/en\/wp-json\/wp\/v2\/comments?post=802"}],"version-history":[{"count":4,"href":"https:\/\/www.gestionmahd.com\/en\/wp-json\/wp\/v2\/pages\/802\/revisions"}],"predecessor-version":[{"id":1896,"href":"https:\/\/www.gestionmahd.com\/en\/wp-json\/wp\/v2\/pages\/802\/revisions\/1896"}],"wp:attachment":[{"href":"https:\/\/www.gestionmahd.com\/en\/wp-json\/wp\/v2\/media?parent=802"}],"curies":[{"name":"wp","href":"https:\/\/api.w.org\/{rel}","templated":true}]}}