{"id":484,"date":"2019-06-20T09:41:49","date_gmt":"2019-06-20T14:41:49","guid":{"rendered":"https:\/\/www.gestionmahd.com\/?page_id=484"},"modified":"2019-06-20T09:45:25","modified_gmt":"2019-06-20T14:45:25","slug":"gestionnaire-de-copropriete-a-lac-superieur","status":"publish","type":"page","link":"https:\/\/www.gestionmahd.com\/en\/laurentides\/gestionnaire-de-copropriete-a-lac-superieur\/","title":{"rendered":"Gestionnaire de copropri\u00e9t\u00e9 \u00e0 Lac-Sup\u00e9rieur"},"content":{"rendered":"<figure class=\"wp-block-image\"><img loading=\"lazy\" decoding=\"async\" width=\"598\" height=\"400\" src=\"https:\/\/www.gestionmahd.com\/wp-content\/uploads\/2019\/06\/condo-lac-superieur.jpg\" alt=\"\" class=\"wp-image-486 img-responsive\" srcset=\"https:\/\/www.gestionmahd.com\/wp-content\/uploads\/2019\/06\/condo-lac-superieur.jpg 598w, https:\/\/www.gestionmahd.com\/wp-content\/uploads\/2019\/06\/condo-lac-superieur-300x201.jpg 300w\" sizes=\"auto, (max-width: 598px) 100vw, 598px\"\/><\/figure>\n\n\n\n<p>L&rsquo;histoire de cette municipalit&eacute; est directement li&eacute;e au Cur&eacute; Labelle et &agrave; son projet de colonisation des Laurentides. <strong>Lac-Sup&eacute;rieur<\/strong> conna&icirc;t un certain essor gr&acirc;ce au d&eacute;veloppement de la station touristique du Mont-Tremblant. En plus du lac Sup&eacute;rieur d&rsquo;o&ugrave; cette municipalit&eacute; tire son nom, le territoire de cette municipalit&eacute; compte plusieurs lacs bord&eacute;s de for&ecirc;ts et de montagnes majestueuses. <\/p>\n\n\n\n<p>Il n&rsquo;est donc pas surprenant de voir que Lac-Sup&eacute;rieur a su attirer de nombreux adeptes d&rsquo;activit&eacute;s ext&eacute;rieurs et du grand air qu&rsquo;offre cette municipalit&eacute; des Laurentides. En plus de nombreux chalets et r&eacute;sidences secondaires, Lac-Sup&eacute;rieur compte &eacute;galement un certain nombre de <strong>projets de copropri&eacute;t&eacute;<\/strong>.<\/p>\n\n\n\n<p>Bien qu&rsquo;il soit tout &agrave; fait possible pour les copropri&eacute;taires\nd&rsquo;administrer seul un syndicat de copropri&eacute;t&eacute;, cela exige des connaissances et\nsurtout du temps. Or, tous n&rsquo;ont pas n&eacute;cessairement envie ou les connaissances\nrequises pour s&rsquo;acquitter de cette responsabilit&eacute;. <\/p>\n\n\n\n<p>C&rsquo;est alors qu&rsquo;un <strong>gestionnaire de copropri&eacute;t&eacute; de Gestion MAHD<\/strong> peut vous venir en aide en prenant en charge certaines t&acirc;ches afin de vous permettre de profiter pleinement de votre copropri&eacute;t&eacute; du Lac-Sup&eacute;rieur. N&rsquo;h&eacute;sitez donc pas &agrave; solliciter nos services d&rsquo;autant plus que nous pouvons vous faire parvenir une <a href=\"https:\/\/www.gestionmahd.com\/devis-gratuit\/\">soumission gratuite et sans engagement<\/a>. Nos services sont tout sp&eacute;cialement adapt&eacute;s aux petits et moyens syndicats de copropri&eacute;t&eacute;.<\/p>\n","protected":false},"excerpt":{"rendered":"<p>L&rsquo;histoire de cette municipalit&eacute; est directement li&eacute;e au Cur&eacute; Labelle et &agrave; son projet de colonisation des Laurentides. Lac-Sup&eacute;rieur conna&icirc;t un certain essor gr&acirc;ce au d&eacute;veloppement de la station touristique du Mont-Tremblant. En plus du lac Sup&eacute;rieur d&rsquo;o&ugrave; cette municipalit&eacute; tire son nom, le territoire de cette municipalit&eacute; compte plusieurs lacs bord&eacute;s de for&ecirc;ts et &hellip; <a href=\"https:\/\/www.gestionmahd.com\/en\/laurentides\/gestionnaire-de-copropriete-a-lac-superieur\/\" class=\"more-link text-uppercase small\"><strong>Continue Reading<\/strong> <i class=\"fa fa-angle-double-right\" aria-hidden=\"true\"><\/i><\/a><\/p>\n","protected":false},"author":1,"featured_media":0,"parent":463,"menu_order":0,"comment_status":"closed","ping_status":"closed","template":"","meta":{"_monsterinsights_skip_tracking":false,"_monsterinsights_sitenote_active":false,"_monsterinsights_sitenote_note":"","_monsterinsights_sitenote_category":0,"footnotes":""},"class_list":["post-484","page","type-page","status-publish","hentry"],"aioseo_notices":[],"_links":{"self":[{"href":"https:\/\/www.gestionmahd.com\/en\/wp-json\/wp\/v2\/pages\/484","targetHints":{"allow":["GET"]}}],"collection":[{"href":"https:\/\/www.gestionmahd.com\/en\/wp-json\/wp\/v2\/pages"}],"about":[{"href":"https:\/\/www.gestionmahd.com\/en\/wp-json\/wp\/v2\/types\/page"}],"author":[{"embeddable":true,"href":"https:\/\/www.gestionmahd.com\/en\/wp-json\/wp\/v2\/users\/1"}],"replies":[{"embeddable":true,"href":"https:\/\/www.gestionmahd.com\/en\/wp-json\/wp\/v2\/comments?post=484"}],"version-history":[{"count":1,"href":"https:\/\/www.gestionmahd.com\/en\/wp-json\/wp\/v2\/pages\/484\/revisions"}],"predecessor-version":[{"id":487,"href":"https:\/\/www.gestionmahd.com\/en\/wp-json\/wp\/v2\/pages\/484\/revisions\/487"}],"up":[{"embeddable":true,"href":"https:\/\/www.gestionmahd.com\/en\/wp-json\/wp\/v2\/pages\/463"}],"wp:attachment":[{"href":"https:\/\/www.gestionmahd.com\/en\/wp-json\/wp\/v2\/media?parent=484"}],"curies":[{"name":"wp","href":"https:\/\/api.w.org\/{rel}","templated":true}]}}